{"id":9384,"date":"2025-01-21T22:03:21","date_gmt":"2025-01-21T22:03:21","guid":{"rendered":"https:\/\/casacoralesdreams.com\/?page_id=9384"},"modified":"2025-01-22T15:54:01","modified_gmt":"2025-01-22T15:54:01","slug":"visita-nuestro-alojamiento","status":"publish","type":"page","link":"https:\/\/casacoralesdreams.com\/en\/visita-nuestro-alojamiento\/","title":{"rendered":"Visit our accommodation."},"content":{"rendered":"<div data-elementor-type=\"wp-page\" data-elementor-id=\"9384\" class=\"elementor elementor-9384\">\n\t\t\t\t<div class=\"elementor-element elementor-element-01f5ac4 e-flex e-con-boxed e-con e-parent\" data-id=\"01f5ac4\" data-element_type=\"container\">\n\t\t\t\t\t<div class=\"e-con-inner\">\n\t\t<div class=\"elementor-element elementor-element-122ffc2 e-con-full e-flex e-con e-child\" data-id=\"122ffc2\" data-element_type=\"container\">\n\t\t\t\t<div class=\"elementor-element elementor-element-015f963 elementor-widget elementor-widget-heading\" data-id=\"015f963\" data-element_type=\"widget\" data-widget_type=\"heading.default\">\n\t\t\t\t<div class=\"elementor-widget-container\">\n\t\t\t<h4 class=\"elementor-heading-title elementor-size-default\"><h3>Get to know our accommodation from the inside.<\/h3><span>Get to Know Our Home, where serenity and freshness come together in every corner. The interior is designed to offer a relaxing atmosphere, with open and bright spaces that invite you to enjoy comfort and simplicity. The modern and functional kitchen connects with the living room, creating the perfect place to share moments with family or friends. The bedrooms provide a restful retreat, while the bathrooms, with elegant and fresh finishes, offer a complete relaxation experience. The cozy terrace becomes the ideal space to enjoy the outdoors and the tranquility of the surroundings. Every detail of this house has been carefully designed to provide the perfect retreat, inspired by the coastal lifestyle.<\/span><\/h4>\t\t<\/div>\n\t\t\t\t<\/div>\n\t\t\t\t<\/div>\n\t\t<div class=\"elementor-element elementor-element-0d44023 e-con-full e-flex e-con e-child\" data-id=\"0d44023\" data-element_type=\"container\">\n\t\t\t\t<div class=\"elementor-element elementor-element-bc94872 elementor-widget elementor-widget-video\" data-id=\"bc94872\" data-element_type=\"widget\" data-settings=\"{&quot;video_type&quot;:&quot;hosted&quot;,&quot;controls&quot;:&quot;yes&quot;}\" data-widget_type=\"video.default\">\n\t\t\t\t<div class=\"elementor-widget-container\">\n\t\t\t\t\t<div class=\"e-hosted-video elementor-wrapper elementor-open-inline\">\n\t\t\t\t\t<video class=\"elementor-video\" src=\"https:\/\/casacoralesdreams.com\/wp-content\/uploads\/2025\/01\/WhatsApp-Video-2024-11-27-at-16.43.51.mp4\" controls=\"\" preload=\"metadata\" controlslist=\"nodownload\"><\/video>\n\t\t\t\t<\/div>\n\t\t\t\t<\/div>\n\t\t\t\t<\/div>\n\t\t\t\t<\/div>\n\t\t\t\t\t<\/div>\n\t\t\t\t<\/div>\n\t\t<div class=\"elementor-element elementor-element-bca5630 e-flex e-con-boxed e-con e-parent\" data-id=\"bca5630\" data-element_type=\"container\">\n\t\t\t\t\t<div class=\"e-con-inner\">\n\t\t\t\t<div class=\"elementor-element elementor-element-652da7a elementor-widget elementor-widget-apus_element_gallery\" data-id=\"652da7a\" data-element_type=\"widget\" data-widget_type=\"apus_element_gallery.default\">\n\t\t\t\t<div class=\"elementor-widget-container\">\n\t\t\t        <div class=\"widget-gallery  grid\">\n                        <div class=\"inner\">\n                                    <div class=\"row\">\n                                                    <div class=\"col-md-3 col-sm-4 col-xs-6\">\n                                <a href=\"https:\/\/casacoralesdreams.com\/wp-content\/uploads\/2024\/01\/Screenshot-2023-09-06-at-15.44.07.png\" class=\"\" data-elementor-lightbox-slideshow=\"gallery-aOIgI\">\n                                    <div class=\"image-wrapper\"><img fetchpriority=\"high\" decoding=\"async\" width=\"250\" height=\"250\" src=\"data:image\/svg+xml;charset=utf-8,%3Csvg xmlns%3D&#039;http%3A%2F%2Fwww.w3.org%2F2000%2Fsvg&#039; viewBox%3D&#039;0 0 250 250&#039;%2F%3E\" class=\"attachment-thumbnail size-thumbnail unveil-image\" alt=\"\" data-src=\"https:\/\/casacoralesdreams.com\/wp-content\/uploads\/2024\/01\/Screenshot-2023-09-06-at-15.44.07-250x250.png\" data-srcset=\"https:\/\/casacoralesdreams.com\/wp-content\/uploads\/2024\/01\/Screenshot-2023-09-06-at-15.44.07-250x250.png 250w, https:\/\/casacoralesdreams.com\/wp-content\/uploads\/2024\/01\/Screenshot-2023-09-06-at-15.44.07-768x768.png 768w\" data-sizes=\"(max-width: 250px) 100vw, 250px\" \/><\/div>                                <\/a>\n                            <\/div>\n                                                    <div class=\"col-md-3 col-sm-4 col-xs-6\">\n                                <a href=\"https:\/\/casacoralesdreams.com\/wp-content\/uploads\/2023\/12\/Screenshot-2023-09-06-at-15.45.56.png\" class=\"\" data-elementor-lightbox-slideshow=\"gallery-aOIgI\">\n                                    <div class=\"image-wrapper\"><img decoding=\"async\" width=\"250\" height=\"250\" src=\"data:image\/svg+xml;charset=utf-8,%3Csvg xmlns%3D&#039;http%3A%2F%2Fwww.w3.org%2F2000%2Fsvg&#039; viewBox%3D&#039;0 0 250 250&#039;%2F%3E\" class=\"attachment-thumbnail size-thumbnail unveil-image\" alt=\"\" data-src=\"https:\/\/casacoralesdreams.com\/wp-content\/uploads\/2023\/12\/Screenshot-2023-09-06-at-15.45.56-250x250.png\" data-srcset=\"https:\/\/casacoralesdreams.com\/wp-content\/uploads\/2023\/12\/Screenshot-2023-09-06-at-15.45.56-250x250.png 250w, https:\/\/casacoralesdreams.com\/wp-content\/uploads\/2023\/12\/Screenshot-2023-09-06-at-15.45.56-768x768.png 768w, https:\/\/casacoralesdreams.com\/wp-content\/uploads\/2023\/12\/Screenshot-2023-09-06-at-15.45.56-150x150.png 150w\" data-sizes=\"(max-width: 250px) 100vw, 250px\" \/><\/div>                                <\/a>\n                            <\/div>\n                                                    <div class=\"col-md-3 col-sm-4 col-xs-6\">\n                                <a href=\"https:\/\/casacoralesdreams.com\/wp-content\/uploads\/2023\/12\/Screenshot-2023-09-06-at-15.46.13.png\" class=\"\" data-elementor-lightbox-slideshow=\"gallery-aOIgI\">\n                                    <div class=\"image-wrapper\"><img decoding=\"async\" width=\"250\" height=\"250\" src=\"data:image\/svg+xml;charset=utf-8,%3Csvg xmlns%3D&#039;http%3A%2F%2Fwww.w3.org%2F2000%2Fsvg&#039; viewBox%3D&#039;0 0 250 250&#039;%2F%3E\" class=\"attachment-thumbnail size-thumbnail unveil-image\" alt=\"\" data-src=\"https:\/\/casacoralesdreams.com\/wp-content\/uploads\/2023\/12\/Screenshot-2023-09-06-at-15.46.13-250x250.png\" data-srcset=\"https:\/\/casacoralesdreams.com\/wp-content\/uploads\/2023\/12\/Screenshot-2023-09-06-at-15.46.13-250x250.png 250w, https:\/\/casacoralesdreams.com\/wp-content\/uploads\/2023\/12\/Screenshot-2023-09-06-at-15.46.13-768x768.png 768w, https:\/\/casacoralesdreams.com\/wp-content\/uploads\/2023\/12\/Screenshot-2023-09-06-at-15.46.13-150x150.png 150w\" data-sizes=\"(max-width: 250px) 100vw, 250px\" \/><\/div>                                <\/a>\n                            <\/div>\n                                                    <div class=\"col-md-3 col-sm-4 col-xs-6\">\n                                <a href=\"https:\/\/casacoralesdreams.com\/wp-content\/uploads\/2023\/08\/La-Perla-2.jpg\" class=\"\" data-elementor-lightbox-slideshow=\"gallery-aOIgI\">\n                                    <div class=\"image-wrapper\"><img loading=\"lazy\" decoding=\"async\" width=\"250\" height=\"250\" src=\"data:image\/svg+xml;charset=utf-8,%3Csvg xmlns%3D&#039;http%3A%2F%2Fwww.w3.org%2F2000%2Fsvg&#039; viewBox%3D&#039;0 0 250 250&#039;%2F%3E\" class=\"attachment-thumbnail size-thumbnail unveil-image\" alt=\"\" data-src=\"https:\/\/casacoralesdreams.com\/wp-content\/uploads\/2023\/08\/La-Perla-2-250x250.jpg\" data-srcset=\"https:\/\/casacoralesdreams.com\/wp-content\/uploads\/2023\/08\/La-Perla-2-250x250.jpg 250w, https:\/\/casacoralesdreams.com\/wp-content\/uploads\/2023\/08\/La-Perla-2-768x768.jpg 768w, https:\/\/casacoralesdreams.com\/wp-content\/uploads\/2023\/08\/La-Perla-2-150x150.jpg 150w\" data-sizes=\"(max-width: 250px) 100vw, 250px\" \/><\/div>                                <\/a>\n                            <\/div>\n                                                    <div class=\"col-md-3 col-sm-4 col-xs-6\">\n                                <a href=\"https:\/\/casacoralesdreams.com\/wp-content\/uploads\/2023\/07\/La-Perla-26.jpg\" class=\"\" data-elementor-lightbox-slideshow=\"gallery-aOIgI\">\n                                    <div class=\"image-wrapper\"><img loading=\"lazy\" decoding=\"async\" width=\"250\" height=\"250\" src=\"data:image\/svg+xml;charset=utf-8,%3Csvg xmlns%3D&#039;http%3A%2F%2Fwww.w3.org%2F2000%2Fsvg&#039; viewBox%3D&#039;0 0 250 250&#039;%2F%3E\" class=\"attachment-thumbnail size-thumbnail unveil-image\" alt=\"\" data-src=\"https:\/\/casacoralesdreams.com\/wp-content\/uploads\/2023\/07\/La-Perla-26-250x250.jpg\" data-srcset=\"https:\/\/casacoralesdreams.com\/wp-content\/uploads\/2023\/07\/La-Perla-26-250x250.jpg 250w, https:\/\/casacoralesdreams.com\/wp-content\/uploads\/2023\/07\/La-Perla-26-768x768.jpg 768w, https:\/\/casacoralesdreams.com\/wp-content\/uploads\/2023\/07\/La-Perla-26-150x150.jpg 150w\" data-sizes=\"(max-width: 250px) 100vw, 250px\" \/><\/div>                                <\/a>\n                            <\/div>\n                                                    <div class=\"col-md-3 col-sm-4 col-xs-6\">\n                                <a href=\"https:\/\/casacoralesdreams.com\/wp-content\/uploads\/2023\/08\/La-Perla-4.jpg\" class=\"\" data-elementor-lightbox-slideshow=\"gallery-aOIgI\">\n                                    <div class=\"image-wrapper\"><img loading=\"lazy\" decoding=\"async\" width=\"250\" height=\"250\" src=\"data:image\/svg+xml;charset=utf-8,%3Csvg xmlns%3D&#039;http%3A%2F%2Fwww.w3.org%2F2000%2Fsvg&#039; viewBox%3D&#039;0 0 250 250&#039;%2F%3E\" class=\"attachment-thumbnail size-thumbnail unveil-image\" alt=\"\" data-src=\"https:\/\/casacoralesdreams.com\/wp-content\/uploads\/2023\/08\/La-Perla-4-250x250.jpg\" data-srcset=\"https:\/\/casacoralesdreams.com\/wp-content\/uploads\/2023\/08\/La-Perla-4-250x250.jpg 250w, https:\/\/casacoralesdreams.com\/wp-content\/uploads\/2023\/08\/La-Perla-4-768x768.jpg 768w, https:\/\/casacoralesdreams.com\/wp-content\/uploads\/2023\/08\/La-Perla-4-150x150.jpg 150w\" data-sizes=\"(max-width: 250px) 100vw, 250px\" \/><\/div>                                <\/a>\n                            <\/div>\n                                                    <div class=\"col-md-3 col-sm-4 col-xs-6\">\n                                <a href=\"https:\/\/casacoralesdreams.com\/wp-content\/uploads\/2023\/08\/La-Perla-17.jpg\" class=\"\" data-elementor-lightbox-slideshow=\"gallery-aOIgI\">\n                                    <div class=\"image-wrapper\"><img loading=\"lazy\" decoding=\"async\" width=\"250\" height=\"250\" src=\"data:image\/svg+xml;charset=utf-8,%3Csvg xmlns%3D&#039;http%3A%2F%2Fwww.w3.org%2F2000%2Fsvg&#039; viewBox%3D&#039;0 0 250 250&#039;%2F%3E\" class=\"attachment-thumbnail size-thumbnail unveil-image\" alt=\"\" data-src=\"https:\/\/casacoralesdreams.com\/wp-content\/uploads\/2023\/08\/La-Perla-17-250x250.jpg\" data-srcset=\"https:\/\/casacoralesdreams.com\/wp-content\/uploads\/2023\/08\/La-Perla-17-250x250.jpg 250w, https:\/\/casacoralesdreams.com\/wp-content\/uploads\/2023\/08\/La-Perla-17-768x768.jpg 768w, https:\/\/casacoralesdreams.com\/wp-content\/uploads\/2023\/08\/La-Perla-17-150x150.jpg 150w\" data-sizes=\"(max-width: 250px) 100vw, 250px\" \/><\/div>                                <\/a>\n                            <\/div>\n                                                    <div class=\"col-md-3 col-sm-4 col-xs-6\">\n                                <a href=\"https:\/\/casacoralesdreams.com\/wp-content\/uploads\/2023\/08\/La-Perla-16.jpg\" class=\"\" data-elementor-lightbox-slideshow=\"gallery-aOIgI\">\n                                    <div class=\"image-wrapper\"><img loading=\"lazy\" decoding=\"async\" width=\"250\" height=\"250\" src=\"data:image\/svg+xml;charset=utf-8,%3Csvg xmlns%3D&#039;http%3A%2F%2Fwww.w3.org%2F2000%2Fsvg&#039; viewBox%3D&#039;0 0 250 250&#039;%2F%3E\" class=\"attachment-thumbnail size-thumbnail unveil-image\" alt=\"\" data-src=\"https:\/\/casacoralesdreams.com\/wp-content\/uploads\/2023\/08\/La-Perla-16-250x250.jpg\" data-srcset=\"https:\/\/casacoralesdreams.com\/wp-content\/uploads\/2023\/08\/La-Perla-16-250x250.jpg 250w, https:\/\/casacoralesdreams.com\/wp-content\/uploads\/2023\/08\/La-Perla-16-768x768.jpg 768w, https:\/\/casacoralesdreams.com\/wp-content\/uploads\/2023\/08\/La-Perla-16-150x150.jpg 150w\" data-sizes=\"(max-width: 250px) 100vw, 250px\" \/><\/div>                                <\/a>\n                            <\/div>\n                                            <\/div>\n                                <\/div>\n        <\/div>\n        \t\t<\/div>\n\t\t\t\t<\/div>\n\t\t\t\t\t<\/div>\n\t\t\t\t<\/div>\n\t\t<div class=\"elementor-element elementor-element-b5fac88 e-flex e-con-boxed e-con e-parent\" data-id=\"b5fac88\" data-element_type=\"container\">\n\t\t\t\t\t<div class=\"e-con-inner\">\n\t\t\t\t<div class=\"elementor-element elementor-element-249e780 elementor-widget elementor-widget-text-editor\" data-id=\"249e780\" data-element_type=\"widget\" data-widget_type=\"text-editor.default\">\n\t\t\t\t<div class=\"elementor-widget-container\">\n\t\t\t\t\t\t\t<p>The interior of our beach house has been designed to provide you with comfort and style in every corner. Upon entering, you will be welcomed by a carefully selected d\u00e9cor, featuring decorative paintings that add a touch of freshness and elegance to the spaces.<\/p><p>The modern, fully equipped kitchen combines functionality and design, offering the perfect place to prepare delicious meals while enjoying a cozy atmosphere.<\/p><p><span style=\"text-align: var(--text-align);\">The <\/span>spacious bathrooms<span style=\"text-align: var(--text-align);\">, with elegant finishes and sophisticated details, are designed to provide a total relaxation experience, with bright and comfortable spaces.<\/span><\/p><p>The bedrooms are spacious and feature large windows that allow you to enjoy a beautiful view of the garden or terrace, filling each morning with natural light and tranquility.<\/p><p>In the living room, you\u2019ll find comfortable sofas perfect for relaxing after a day of fun, whether it's reading a book, enjoying a conversation, or simply taking in the serene surroundings.<\/p><p>Every detail of this house has been carefully crafted to offer a unique experience, where the comfort and charm of the beach style blend perfectly, ensuring you enjoy an unforgettable stay.<\/p>\t\t\t\t\t\t<\/div>\n\t\t\t\t<\/div>\n\t\t\t\t\t<\/div>\n\t\t\t\t<\/div>\n\t\t\t\t<\/div>","protected":false},"excerpt":{"rendered":"<p>Conoce nuestro alojamiento desde adentro Conoce nuestra casa, donde la serenidad y la frescura se combinan en cada rinc\u00f3n. El interior est\u00e1 dise\u00f1ado para ofrecer un ambiente relajante, con espacios abiertos y luminosos que invitan a disfrutar de la comodidad y la sencillez. La cocina, moderna y funcional, se conecta con la sala de estar, &hellip; <br \/><a href=\"https:\/\/casacoralesdreams.com\/en\/visita-nuestro-alojamiento\/\" class=\"more-link\">Continue reading <span class=\"screen-reader-text\">Visit our accommodation.<\/span><\/a><\/p>","protected":false},"author":1,"featured_media":0,"parent":0,"menu_order":0,"comment_status":"closed","ping_status":"closed","template":"","meta":{"om_disable_all_campaigns":false,"_monsterinsights_skip_tracking":false,"_monsterinsights_sitenote_active":false,"_monsterinsights_sitenote_note":"","_monsterinsights_sitenote_category":0,"_uf_show_specific_survey":0,"_uf_disable_surveys":false,"_themeisle_gutenberg_block_has_review":false,"footnotes":""},"class_list":["post-9384","page","type-page","status-publish","hentry"],"aioseo_notices":[],"_links":{"self":[{"href":"https:\/\/casacoralesdreams.com\/en\/wp-json\/wp\/v2\/pages\/9384","targetHints":{"allow":["GET"]}}],"collection":[{"href":"https:\/\/casacoralesdreams.com\/en\/wp-json\/wp\/v2\/pages"}],"about":[{"href":"https:\/\/casacoralesdreams.com\/en\/wp-json\/wp\/v2\/types\/page"}],"author":[{"embeddable":true,"href":"https:\/\/casacoralesdreams.com\/en\/wp-json\/wp\/v2\/users\/1"}],"replies":[{"embeddable":true,"href":"https:\/\/casacoralesdreams.com\/en\/wp-json\/wp\/v2\/comments?post=9384"}],"version-history":[{"count":15,"href":"https:\/\/casacoralesdreams.com\/en\/wp-json\/wp\/v2\/pages\/9384\/revisions"}],"predecessor-version":[{"id":9412,"href":"https:\/\/casacoralesdreams.com\/en\/wp-json\/wp\/v2\/pages\/9384\/revisions\/9412"}],"wp:attachment":[{"href":"https:\/\/casacoralesdreams.com\/en\/wp-json\/wp\/v2\/media?parent=9384"}],"curies":[{"name":"wp","href":"https:\/\/api.w.org\/{rel}","templated":true}]}}