{"id":8772,"date":"2023-12-22T18:43:28","date_gmt":"2023-12-22T18:43:28","guid":{"rendered":"https:\/\/dev-casa-coral.pantheonsite.io\/?page_id=8772"},"modified":"2023-12-22T19:05:37","modified_gmt":"2023-12-22T19:05:37","slug":"reglas-de-la-casa","status":"publish","type":"page","link":"https:\/\/casacoralesdreams.com\/en\/reglas-de-la-casa\/","title":{"rendered":"House Rules"},"content":{"rendered":"<div data-elementor-type=\"wp-page\" data-elementor-id=\"8772\" class=\"elementor elementor-8772\">\n\t\t\t\t<div class=\"elementor-element elementor-element-b9a06af e-flex e-con-boxed e-con e-parent\" data-id=\"b9a06af\" data-element_type=\"container\">\n\t\t\t\t\t<div class=\"e-con-inner\">\n\t\t\t\t<div class=\"elementor-element elementor-element-4b83341 elementor-widget elementor-widget-text-editor\" data-id=\"4b83341\" data-element_type=\"widget\" data-widget_type=\"text-editor.default\">\n\t\t\t\t<div class=\"elementor-widget-container\">\n\t\t\t\t\t\t\t<h3>House Rules<\/h3><ul><li>Check-in time: 3:00 PM<\/li><li>Check-out time: 10:00 AM<\/li><li>All guests shall abide good neighbor policy and shall not engage in illegal activity.<\/li><li>Quiet hours are from 10:00 PM to 8:00 AM<\/li><li>No smoking is permitted anywhere on the premises.<\/li><li>No golf carts are allowed on the property.<\/li><li>No pets are allowed at this vacation rental.<\/li><li>Parking notes: There is free parking available for 1 vehicle.\nSecurity camera details: outside camera facing the parking connected to 24\/7 surveillance for your safety.<\/li><\/ul><p>You must be 18 years or older to rent this property.<\/p>\t\t\t\t\t\t<\/div>\n\t\t\t\t<\/div>\n\t\t\t\t\t<\/div>\n\t\t\t\t<\/div>\n\t\t\t\t<\/div>","protected":false},"excerpt":{"rendered":"<p>Reglas de casa Hora de entrada: 4:00 p.m. Hora de salida: 10:00 a.m. Todos los hu\u00e9spedes deber\u00e1n cumplir con la pol\u00edtica de buen vecino y no participar\u00e1n en actividades ilegales. El horario de silencio es de 10:00 p.m a 8:00 a.m. No se permite fumar en ning\u00fan lugar del recinto. No se permiten carritos de &hellip; <br \/><a href=\"https:\/\/casacoralesdreams.com\/en\/reglas-de-la-casa\/\" class=\"more-link\">Continue reading <span class=\"screen-reader-text\">House Rules<\/span><\/a><\/p>","protected":false},"author":1,"featured_media":0,"parent":0,"menu_order":0,"comment_status":"closed","ping_status":"closed","template":"","meta":{"om_disable_all_campaigns":false,"_monsterinsights_skip_tracking":false,"_monsterinsights_sitenote_active":false,"_monsterinsights_sitenote_note":"","_monsterinsights_sitenote_category":0,"_uf_show_specific_survey":0,"_uf_disable_surveys":false,"_themeisle_gutenberg_block_has_review":false,"footnotes":""},"class_list":["post-8772","page","type-page","status-publish","hentry"],"aioseo_notices":[],"_links":{"self":[{"href":"https:\/\/casacoralesdreams.com\/en\/wp-json\/wp\/v2\/pages\/8772","targetHints":{"allow":["GET"]}}],"collection":[{"href":"https:\/\/casacoralesdreams.com\/en\/wp-json\/wp\/v2\/pages"}],"about":[{"href":"https:\/\/casacoralesdreams.com\/en\/wp-json\/wp\/v2\/types\/page"}],"author":[{"embeddable":true,"href":"https:\/\/casacoralesdreams.com\/en\/wp-json\/wp\/v2\/users\/1"}],"replies":[{"embeddable":true,"href":"https:\/\/casacoralesdreams.com\/en\/wp-json\/wp\/v2\/comments?post=8772"}],"version-history":[{"count":5,"href":"https:\/\/casacoralesdreams.com\/en\/wp-json\/wp\/v2\/pages\/8772\/revisions"}],"predecessor-version":[{"id":8778,"href":"https:\/\/casacoralesdreams.com\/en\/wp-json\/wp\/v2\/pages\/8772\/revisions\/8778"}],"wp:attachment":[{"href":"https:\/\/casacoralesdreams.com\/en\/wp-json\/wp\/v2\/media?parent=8772"}],"curies":[{"name":"wp","href":"https:\/\/api.w.org\/{rel}","templated":true}]}}