{"id":8478,"date":"2023-11-22T20:53:14","date_gmt":"2023-11-22T20:53:14","guid":{"rendered":"https:\/\/dev-casa-coral.pantheonsite.io\/?page_id=8478"},"modified":"2024-01-30T04:28:33","modified_gmt":"2024-01-30T04:28:33","slug":"actividades-turisticas","status":"publish","type":"page","link":"https:\/\/casacoralesdreams.com\/en\/actividades-turisticas\/","title":{"rendered":"Tourist activities in Flamingo"},"content":{"rendered":"<div data-elementor-type=\"wp-page\" data-elementor-id=\"8478\" class=\"elementor elementor-8478\">\n\t\t\t\t<div class=\"elementor-element elementor-element-80eb8c4 e-flex e-con-boxed e-con e-parent\" data-id=\"80eb8c4\" data-element_type=\"container\">\n\t\t\t\t\t<div class=\"e-con-inner\">\n\t\t\t\t<div class=\"elementor-element elementor-element-ede92bd elementor-widget elementor-widget-text-editor\" data-id=\"ede92bd\" data-element_type=\"widget\" data-widget_type=\"text-editor.default\">\n\t\t\t\t<div class=\"elementor-widget-container\">\n\t\t\t\t\t\t\t<p><!-- wp:paragraph --><\/p>\n<p>Flamingo, a dreamy destination on the lush Pacific coast of Costa Rica, is a tropical paradise offering a wide range of tourist activities for all tastes. With its white sandy beaches, crystal-clear waters, and lush nature, this place captivates visitors with its countless entertainment options and thrilling adventures.<br \/><br \/>Some companies you can access to book and check activities in Flamingo, Guanacaste are the following:<\/p>\n<p><!-- \/wp:paragraph --><\/p>\t\t\t\t\t\t<\/div>\n\t\t\t\t<\/div>\n\t\t\t\t\t<\/div>\n\t\t\t\t<\/div>\n\t\t<div class=\"elementor-element elementor-element-101034f e-flex e-con-boxed e-con e-parent\" data-id=\"101034f\" data-element_type=\"container\">\n\t\t\t\t\t<div class=\"e-con-inner\">\n\t\t<div class=\"elementor-element elementor-element-1d3640d e-flex e-con-boxed e-con e-child\" data-id=\"1d3640d\" data-element_type=\"container\" data-settings=\"{&quot;background_background&quot;:&quot;classic&quot;}\">\n\t\t\t\t\t<div class=\"e-con-inner\">\n\t\t\t\t<div class=\"elementor-element elementor-element-840753f elementor-widget elementor-widget-apus_element_features_box\" data-id=\"840753f\" data-element_type=\"widget\" data-widget_type=\"apus_element_features_box.default\">\n\t\t\t\t<div class=\"elementor-widget-container\">\n\t\t\t            <div class=\"widget-features-box   style3\">\n\n                    <div class=\"row\">\n                                                        <div class=\"item col-xs-6 col-sm-6 col-md-4 col-lg-4\">\n                                    <div class=\"item-inner\">\n\n                                    <div class=\"features-box-image img\"><a href=\"https:\/\/www.tourguanacaste.com\/en\" target=\"_blank\" ><img fetchpriority=\"high\" decoding=\"async\" width=\"400\" height=\"267\" src=\"https:\/\/casacoralesdreams.com\/wp-content\/uploads\/2023\/11\/600x400-1-50-8fe30771b3ed696b00dbcd14543de883-400x267.jpg\" class=\"attachment-medium size-medium wp-image-8430\" alt=\"Safari\" srcset=\"https:\/\/casacoralesdreams.com\/wp-content\/uploads\/2023\/11\/600x400-1-50-8fe30771b3ed696b00dbcd14543de883-400x267.jpg 400w, https:\/\/casacoralesdreams.com\/wp-content\/uploads\/2023\/11\/600x400-1-50-8fe30771b3ed696b00dbcd14543de883-18x12.jpg 18w, https:\/\/casacoralesdreams.com\/wp-content\/uploads\/2023\/11\/600x400-1-50-8fe30771b3ed696b00dbcd14543de883-300x200.jpg 300w, https:\/\/casacoralesdreams.com\/wp-content\/uploads\/2023\/11\/600x400-1-50-8fe30771b3ed696b00dbcd14543de883.jpg 600w\" sizes=\"(max-width: 400px) 100vw, 400px\" \/><\/a><\/div><div class=\"features-box-content\"><a href=\"https:\/\/www.tourguanacaste.com\/en\" target=\"_blank\" ><h3 class=\"title\">Tour Guanacaste Costa Rica<\/h3><\/a><div class=\"description\">We keep saying if you come to Costa Rica you just can't miss the ocean tours - otherwise, it'd be an incomplete experience.<\/div><\/div>\n                                <\/div>\n                            <\/div>\n                                                        <div class=\"item col-xs-6 col-sm-6 col-md-4 col-lg-4\">\n                                    <div class=\"item-inner\">\n\n                                    <div class=\"features-box-image img\"><a href=\"https:\/\/www.lazylizardsailing.com\/\" target=\"_blank\" ><img decoding=\"async\" width=\"400\" height=\"400\" src=\"https:\/\/casacoralesdreams.com\/wp-content\/uploads\/2023\/11\/gal1-400x400.jpg\" class=\"attachment-medium size-medium wp-image-8429\" alt=\"Sailing\" srcset=\"https:\/\/casacoralesdreams.com\/wp-content\/uploads\/2023\/11\/gal1-400x400.jpg 400w, https:\/\/casacoralesdreams.com\/wp-content\/uploads\/2023\/11\/gal1-250x250.jpg 250w, https:\/\/casacoralesdreams.com\/wp-content\/uploads\/2023\/11\/gal1-12x12.jpg 12w, https:\/\/casacoralesdreams.com\/wp-content\/uploads\/2023\/11\/gal1-300x300.jpg 300w, https:\/\/casacoralesdreams.com\/wp-content\/uploads\/2023\/11\/gal1-150x150.jpg 150w, https:\/\/casacoralesdreams.com\/wp-content\/uploads\/2023\/11\/gal1.jpg 600w\" sizes=\"(max-width: 400px) 100vw, 400px\" \/><\/a><\/div><div class=\"features-box-content\"><a href=\"https:\/\/www.lazylizardsailing.com\/\" target=\"_blank\" ><h3 class=\"title\">Lazy Lizard<\/h3><\/a><div class=\"description\">If you are looking for the best day tour or private charter in the Playa Flamingo or Playa Tamarindo area, look no further<\/div><\/div>\n                                <\/div>\n                            <\/div>\n                                                        <div class=\"item col-xs-6 col-sm-6 col-md-4 col-lg-4\">\n                                    <div class=\"item-inner\">\n\n                                    <div class=\"features-box-image img\"><a href=\"https:\/\/roadrunnerstourscr.com\/\" target=\"_blank\" ><img decoding=\"async\" width=\"400\" height=\"400\" src=\"https:\/\/casacoralesdreams.com\/wp-content\/uploads\/2023\/11\/los-coyotes-tour-400x400.jpeg\" class=\"attachment-medium size-medium wp-image-8440\" alt=\"Los coyotes\" srcset=\"https:\/\/casacoralesdreams.com\/wp-content\/uploads\/2023\/11\/los-coyotes-tour-400x400.jpeg 400w, https:\/\/casacoralesdreams.com\/wp-content\/uploads\/2023\/11\/los-coyotes-tour-250x250.jpeg 250w, https:\/\/casacoralesdreams.com\/wp-content\/uploads\/2023\/11\/los-coyotes-tour-768x768.jpeg 768w, https:\/\/casacoralesdreams.com\/wp-content\/uploads\/2023\/11\/los-coyotes-tour-1024x1024.jpeg 1024w, https:\/\/casacoralesdreams.com\/wp-content\/uploads\/2023\/11\/los-coyotes-tour-12x12.jpeg 12w, https:\/\/casacoralesdreams.com\/wp-content\/uploads\/2023\/11\/los-coyotes-tour-300x300.jpeg 300w, https:\/\/casacoralesdreams.com\/wp-content\/uploads\/2023\/11\/los-coyotes-tour-150x150.jpeg 150w, https:\/\/casacoralesdreams.com\/wp-content\/uploads\/2023\/11\/los-coyotes-tour.jpeg 1080w\" sizes=\"(max-width: 400px) 100vw, 400px\" \/><\/a><\/div><div class=\"features-box-content\"><a href=\"https:\/\/roadrunnerstourscr.com\/\" target=\"_blank\" ><h3 class=\"title\">Road Runners Private Tours<\/h3><\/a><div class=\"description\">At Road Runners Private Tours we are known for creating unique experiences for our clients.<\/div><\/div>\n                                <\/div>\n                            <\/div>\n                                                        <div class=\"item col-xs-6 col-sm-6 col-md-4 col-lg-4\">\n                                    <div class=\"item-inner\">\n\n                                    <div class=\"features-box-image img\"><a href=\"https:\/\/wishingiwasfishingcostarica.com\/\" target=\"_blank\" ><img loading=\"lazy\" decoding=\"async\" width=\"400\" height=\"266\" src=\"https:\/\/casacoralesdreams.com\/wp-content\/uploads\/2023\/10\/pexels-william-mcallister-3793366-400x266.jpg\" class=\"attachment-medium size-medium wp-image-8097\" alt=\"Pesca\" srcset=\"https:\/\/casacoralesdreams.com\/wp-content\/uploads\/2023\/10\/pexels-william-mcallister-3793366-400x266.jpg 400w, https:\/\/casacoralesdreams.com\/wp-content\/uploads\/2023\/10\/pexels-william-mcallister-3793366-768x510.jpg 768w, https:\/\/casacoralesdreams.com\/wp-content\/uploads\/2023\/10\/pexels-william-mcallister-3793366-1024x680.jpg 1024w, https:\/\/casacoralesdreams.com\/wp-content\/uploads\/2023\/10\/pexels-william-mcallister-3793366-1536x1020.jpg 1536w, https:\/\/casacoralesdreams.com\/wp-content\/uploads\/2023\/10\/pexels-william-mcallister-3793366-2048x1360.jpg 2048w, https:\/\/casacoralesdreams.com\/wp-content\/uploads\/2023\/10\/pexels-william-mcallister-3793366-18x12.jpg 18w, https:\/\/casacoralesdreams.com\/wp-content\/uploads\/2023\/10\/pexels-william-mcallister-3793366-1200x800.jpg 1200w, https:\/\/casacoralesdreams.com\/wp-content\/uploads\/2023\/10\/pexels-william-mcallister-3793366-300x199.jpg 300w\" sizes=\"(max-width: 400px) 100vw, 400px\" \/><\/a><\/div><div class=\"features-box-content\"><a href=\"https:\/\/wishingiwasfishingcostarica.com\/\" target=\"_blank\" ><h3 class=\"title\">Wishing I Was Fishing Adventures<\/h3><\/a><div class=\"description\">We are a premier charter service that provides exceptional fishing experiences to our clients.<\/div><\/div>\n                                <\/div>\n                            <\/div>\n                                                        <div class=\"item col-xs-6 col-sm-6 col-md-4 col-lg-4\">\n                                    <div class=\"item-inner\">\n\n                                    <div class=\"features-box-image img\"><a href=\"https:\/\/flamingoadventures.com\/\" target=\"_blank\" ><img loading=\"lazy\" decoding=\"async\" width=\"400\" height=\"264\" src=\"https:\/\/casacoralesdreams.com\/wp-content\/uploads\/2023\/11\/bote-copia-400x264.jpg\" class=\"attachment-medium size-medium wp-image-8381\" alt=\"Rafting\" srcset=\"https:\/\/casacoralesdreams.com\/wp-content\/uploads\/2023\/11\/bote-copia-400x264.jpg 400w, https:\/\/casacoralesdreams.com\/wp-content\/uploads\/2023\/11\/bote-copia-768x507.jpg 768w, https:\/\/casacoralesdreams.com\/wp-content\/uploads\/2023\/11\/bote-copia-18x12.jpg 18w, https:\/\/casacoralesdreams.com\/wp-content\/uploads\/2023\/11\/bote-copia-300x198.jpg 300w, https:\/\/casacoralesdreams.com\/wp-content\/uploads\/2023\/11\/bote-copia.jpg 900w\" sizes=\"(max-width: 400px) 100vw, 400px\" \/><\/a><\/div><div class=\"features-box-content\"><a href=\"https:\/\/flamingoadventures.com\/\" target=\"_blank\" ><h3 class=\"title\">Flamingo Adventures<\/h3><\/a><div class=\"description\">Flamingo Adventures providing explorers an inside look at the real Costa Rica.<\/div><\/div>\n                                <\/div>\n                            <\/div>\n                                                        <div class=\"item col-xs-6 col-sm-6 col-md-4 col-lg-4\">\n                                    <div class=\"item-inner\">\n\n                                    <div class=\"features-box-image img\"><a href=\"https:\/\/coopepilangosta.com\/\" target=\"_blank\" ><img loading=\"lazy\" decoding=\"async\" width=\"400\" height=\"225\" src=\"https:\/\/casacoralesdreams.com\/wp-content\/uploads\/2023\/11\/Coffee-tour-Costa-Rica-Diria-6-400x225.jpg\" class=\"attachment-medium size-medium wp-image-8435\" alt=\"Coffe\" srcset=\"https:\/\/casacoralesdreams.com\/wp-content\/uploads\/2023\/11\/Coffee-tour-Costa-Rica-Diria-6-400x225.jpg 400w, https:\/\/casacoralesdreams.com\/wp-content\/uploads\/2023\/11\/Coffee-tour-Costa-Rica-Diria-6-768x432.jpg 768w, https:\/\/casacoralesdreams.com\/wp-content\/uploads\/2023\/11\/Coffee-tour-Costa-Rica-Diria-6-1024x576.jpg 1024w, https:\/\/casacoralesdreams.com\/wp-content\/uploads\/2023\/11\/Coffee-tour-Costa-Rica-Diria-6-18x10.jpg 18w, https:\/\/casacoralesdreams.com\/wp-content\/uploads\/2023\/11\/Coffee-tour-Costa-Rica-Diria-6-300x169.jpg 300w, https:\/\/casacoralesdreams.com\/wp-content\/uploads\/2023\/11\/Coffee-tour-Costa-Rica-Diria-6.jpg 1500w\" sizes=\"(max-width: 400px) 100vw, 400px\" \/><\/a><\/div><div class=\"features-box-content\"><a href=\"https:\/\/coopepilangosta.com\/\" target=\"_blank\" ><h3 class=\"title\">Coopepilangosta R.L<\/h3><\/a><div class=\"description\">We are the result of a collective adventure that began in 1962 when... coffee producers came together. <\/div><\/div>\n                                <\/div>\n                            <\/div>\n                                            <\/div>\n\n            <\/div>\n            \t\t<\/div>\n\t\t\t\t<\/div>\n\t\t\t\t\t<\/div>\n\t\t\t\t<\/div>\n\t\t\t\t\t<\/div>\n\t\t\t\t<\/div>\n\t\t<div class=\"elementor-element elementor-element-528adcd e-flex e-con-boxed e-con e-parent\" data-id=\"528adcd\" data-element_type=\"container\">\n\t\t\t\t\t<div class=\"e-con-inner\">\n\t\t<div class=\"elementor-element elementor-element-d3a3242 e-flex e-con-boxed e-con e-child\" data-id=\"d3a3242\" data-element_type=\"container\">\n\t\t\t\t\t<div class=\"e-con-inner\">\n\t\t\t\t<div class=\"elementor-element elementor-element-16fd8aa elementor-widget elementor-widget-apus_element_features_box\" data-id=\"16fd8aa\" data-element_type=\"widget\" data-widget_type=\"apus_element_features_box.default\">\n\t\t\t\t<div class=\"elementor-widget-container\">\n\t\t\t            <div class=\"widget-features-box   style3\">\n\n                    <div class=\"row\">\n                                                        <div class=\"item col-xs-6 col-sm-6 col-md-4 col-lg-4\">\n                                    <div class=\"item-inner\">\n\n                                    <div class=\"features-box-image img\"><a href=\"https:\/\/www.pacificcoastdivecenter.com\/\" target=\"_blank\" ><img loading=\"lazy\" decoding=\"async\" width=\"400\" height=\"225\" src=\"https:\/\/casacoralesdreams.com\/wp-content\/uploads\/2023\/11\/HomeDive-400x225.jpeg\" class=\"attachment-medium size-medium wp-image-8369\" alt=\"\" srcset=\"https:\/\/casacoralesdreams.com\/wp-content\/uploads\/2023\/11\/HomeDive-400x225.jpeg 400w, https:\/\/casacoralesdreams.com\/wp-content\/uploads\/2023\/11\/HomeDive-768x432.jpeg 768w, https:\/\/casacoralesdreams.com\/wp-content\/uploads\/2023\/11\/HomeDive-1024x576.jpeg 1024w, https:\/\/casacoralesdreams.com\/wp-content\/uploads\/2023\/11\/HomeDive-18x10.jpeg 18w, https:\/\/casacoralesdreams.com\/wp-content\/uploads\/2023\/11\/HomeDive-300x169.jpeg 300w, https:\/\/casacoralesdreams.com\/wp-content\/uploads\/2023\/11\/HomeDive.jpeg 1200w\" sizes=\"(max-width: 400px) 100vw, 400px\" \/><\/a><\/div><div class=\"features-box-content\"><a href=\"https:\/\/www.pacificcoastdivecenter.com\/\" target=\"_blank\" ><h3 class=\"title\">Pacific Coast Dive Center<\/h3><\/a><div class=\"description\">Come search with us!\nThe best diving center in the area.<\/div><\/div>\n                                <\/div>\n                            <\/div>\n                                                        <div class=\"item col-xs-6 col-sm-6 col-md-4 col-lg-4\">\n                                    <div class=\"item-inner\">\n\n                                    <div class=\"features-box-image img\"><a href=\"https:\/\/sailingguanacaste.com\/\" target=\"_blank\" ><img loading=\"lazy\" decoding=\"async\" width=\"400\" height=\"267\" src=\"https:\/\/casacoralesdreams.com\/wp-content\/uploads\/2023\/11\/sailing-400x267.jpg\" class=\"attachment-medium size-medium wp-image-8370\" alt=\"\" srcset=\"https:\/\/casacoralesdreams.com\/wp-content\/uploads\/2023\/11\/sailing-400x267.jpg 400w, https:\/\/casacoralesdreams.com\/wp-content\/uploads\/2023\/11\/sailing-768x512.jpg 768w, https:\/\/casacoralesdreams.com\/wp-content\/uploads\/2023\/11\/sailing-1024x683.jpg 1024w, https:\/\/casacoralesdreams.com\/wp-content\/uploads\/2023\/11\/sailing-18x12.jpg 18w, https:\/\/casacoralesdreams.com\/wp-content\/uploads\/2023\/11\/sailing-1200x800.jpg 1200w, https:\/\/casacoralesdreams.com\/wp-content\/uploads\/2023\/11\/sailing-300x200.jpg 300w, https:\/\/casacoralesdreams.com\/wp-content\/uploads\/2023\/11\/sailing.jpg 1280w\" sizes=\"(max-width: 400px) 100vw, 400px\" \/><\/a><\/div><div class=\"features-box-content\"><a href=\"https:\/\/sailingguanacaste.com\/\" target=\"_blank\" ><h3 class=\"title\"> Sailing Guanacaste<\/h3><\/a><div class=\"description\">Private Catamaran Sailing Tours in Guanacaste, Costa Rica.<\/div><\/div>\n                                <\/div>\n                            <\/div>\n                                            <\/div>\n\n            <\/div>\n            \t\t<\/div>\n\t\t\t\t<\/div>\n\t\t\t\t\t<\/div>\n\t\t\t\t<\/div>\n\t\t\t\t\t<\/div>\n\t\t\t\t<\/div>\n\t\t\t\t<\/div>","protected":false},"excerpt":{"rendered":"<p>Flamingo, un destino de ensue\u00f1o en la exuberante costa del Pac\u00edfico de Costa Rica, es un para\u00edso tropical que ofrece una amplia gama de actividades tur\u00edsticas para todos los gustos. Con sus playas de arena blanca, aguas cristalinas y una naturaleza exuberante, este lugar cautiva a los visitantes con sus innumerables opciones de entretenimiento y &hellip; <br \/><a href=\"https:\/\/casacoralesdreams.com\/en\/actividades-turisticas\/\" class=\"more-link\">Continue reading <span class=\"screen-reader-text\">Tourist activities in Flamingo<\/span><\/a><\/p>","protected":false},"author":1,"featured_media":8451,"parent":0,"menu_order":0,"comment_status":"closed","ping_status":"closed","template":"","meta":{"om_disable_all_campaigns":false,"_monsterinsights_skip_tracking":false,"_monsterinsights_sitenote_active":false,"_monsterinsights_sitenote_note":"","_monsterinsights_sitenote_category":0,"_uf_show_specific_survey":0,"_uf_disable_surveys":false,"_themeisle_gutenberg_block_has_review":false,"footnotes":""},"class_list":["post-8478","page","type-page","status-publish","has-post-thumbnail","hentry"],"aioseo_notices":[],"_links":{"self":[{"href":"https:\/\/casacoralesdreams.com\/en\/wp-json\/wp\/v2\/pages\/8478","targetHints":{"allow":["GET"]}}],"collection":[{"href":"https:\/\/casacoralesdreams.com\/en\/wp-json\/wp\/v2\/pages"}],"about":[{"href":"https:\/\/casacoralesdreams.com\/en\/wp-json\/wp\/v2\/types\/page"}],"author":[{"embeddable":true,"href":"https:\/\/casacoralesdreams.com\/en\/wp-json\/wp\/v2\/users\/1"}],"replies":[{"embeddable":true,"href":"https:\/\/casacoralesdreams.com\/en\/wp-json\/wp\/v2\/comments?post=8478"}],"version-history":[{"count":36,"href":"https:\/\/casacoralesdreams.com\/en\/wp-json\/wp\/v2\/pages\/8478\/revisions"}],"predecessor-version":[{"id":9060,"href":"https:\/\/casacoralesdreams.com\/en\/wp-json\/wp\/v2\/pages\/8478\/revisions\/9060"}],"wp:featuredmedia":[{"embeddable":true,"href":"https:\/\/casacoralesdreams.com\/en\/wp-json\/wp\/v2\/media\/8451"}],"wp:attachment":[{"href":"https:\/\/casacoralesdreams.com\/en\/wp-json\/wp\/v2\/media?parent=8478"}],"curies":[{"name":"wp","href":"https:\/\/api.w.org\/{rel}","templated":true}]}}